{"id":22,"date":"2024-01-26T08:42:51","date_gmt":"2024-01-26T08:42:51","guid":{"rendered":"https:\/\/ybiscorp.alwaysdata.net\/ybiscorp\/?page_id=22"},"modified":"2024-01-30T12:13:44","modified_gmt":"2024-01-30T12:13:44","slug":"geoybis-projection","status":"publish","type":"page","link":"https:\/\/ybiscorp.alwaysdata.net\/ybiscorp\/index.php\/geoybis-projection\/","title":{"rendered":"GEOYBIS PROJECTION"},"content":{"rendered":"\n<link rel=\"icon\" href=\"http:\/\/ybiscorp.alwaysdata.net\/ybiscorp\/wp-content\/uploads\/2024\/01\/logo-de-mon-site.png\">\n\n<link href=\"https:\/\/fonts.googleapis.com\/css?family=Open+Sans:400,700%7COswald:400,700%7CDroid+Sans:400,700%7CRoboto:400,700%7CLato:400,700%7CPT+Sans:400,700%7CSource+Sans+Pro:400,600,700%7CNoto+Sans:400,700%7CPT+Sans:400,700%7CUbuntu:400,700%7CBitter:400,700%7CPT+Serif:400,700%7CRokkitt:400,700%7CDroid+Serif:400,700%7CRaleway:400,700%7CInconsolata:400,700\" rel=\"stylesheet\" type=\"text\/css\">\n<div class=\"container-fluid\" style=\"background-image: url('http:\/\/ybiscorp.alwaysdata.net\/ybiscorp\/wp-content\/uploads\/2024\/01\/image-fond-site.jpg')\">\n\t<div class=\"container colonneLecture\"> \n\t\t<!--Debut nom de l'entreprise-->\n\t\t<div class=\"container-fluid nomEntreprise\">\n\t\t\t<h1>GEOYBIS Projection<\/h1>\n\t\t\t<h2>La Boite \u00e0 outils g\u00e9odesiques<\/h2>\n\t\t<\/div>\n\t\t<!--Fin nom de l'entreprise-->\n\n\t\t<!--1\/Le GEOYBIS Projection-->\n\t\t<div class=\"titreProduit\" style=\"color:red\"><br\/> Offre Exceptionnelle !!! <br\/> <\/div>\n\t\t<div class=\"imageProduit\">\n\t\t\t<br\/><img decoding=\"async\" src=\"http:\/\/ybiscorp.alwaysdata.net\/ybiscorp\/wp-content\/uploads\/2024\/01\/logo-geoybis-png.png\"><br\/>\n\t\t<\/div>\n\t\t\n\t\t\t<br\/>\n\t\t\t<a href=\"https:\/\/drive.google.com\/file\/d\/1Lshz_Ev9Ug3Qac4SO7ah5Uk4J5klLdrP\/view?usp=drivesdk\" class=\"aButton\">\n\t\t\t<div class=\"container buttonYBIS\">\n\t\t\t\t<span class=\"buttonMain\"> Telecharger GEOYBIS Projection <\/span>\n\t\t\t\t<br>\n\t\t\t\t<span class=\"buttonSub\"> [Gratuitement] <\/span><br>\n\t\t\t<\/div>\n\t\t\t<\/a>\n\t\t<!--Fin du GEOYBIS Projection-->\n\n\t\t<!-- Debut Presentation YBIS CORPORATION -->\n\t\t<div class=\"formeTexteSimple\" style=\"font-size: 150%\">\n\t\t\n\t\t<div>\n\t\t\t<p>\n\t\t\t\tLe GEOYBIS Projection est un logiciel de calcul g\u00e9od\u00e9sique fond\u00e9 en c\u00f4te d&#8217;Ivoire d\u00e9v\u00e9lopp\u00e9 par YBIS Corp. C&#8217;est en quelque sorte une boite \u00e0 outils qui te permettra de r\u00e9aliser des calculs fondamentaux et indispensables en g\u00e9od\u00e9sie.Le GEOYBIS Projection est distribu\u00e9 sous plusieurs versions :<\/p>\n\t\t<\/div>\n\t\t<div  style=\"text-align: left\">\n\t\t\t<ul>\n\t\t\t\t<li>Une version D\u00e9mo et\/ou D\u00e9couverte offrant gratuitement des fonctionnalit\u00e9s limit\u00e9es du logiciel; <\/li>\n\t\t\t\t<li>Une version compl\u00e8te payante donnant acc\u00e8s \u00e0 l&#8217;ensemble des fonctionnalit\u00e9s du logiciel. <\/li>\n\t\t\t<\/ul>\n\t\t<\/div>\n\t\t<!--Debut fonctionnalit\u00e9s demo GEOYBIS Projection-->\n\t\t<div class=\"container formeTexteSimple\" style=\"background-color: black;color: white\">\n\t\t\t<p>Les fonctionnalit\u00e9s que vous allez d\u00e9couvrir !!! <\/p>\n\t\t\t<p> Version Demo [Gratuit] <\/p>\n\t\t<\/div>\n\n\t\t<div style=\"text-align: left\">\n\t\t\t<p> Gr\u00e2ce a la version Demo de GEOYBIS Projection vous pouvez : <\/p>\n\t\t<\/div>\n\n\t\n\t\t<div  style=\"text-align: left\">\n\t\t\t<ol>\n\t\t\t\t<li>Convertir des coordonn\u00e9es. C&#8217;est \u00e0 dire passer de coordonn\u00e9es g\u00e9ographiques aux coordonn\u00e9es cart\u00e9siennes et vice versa; <\/li>\n\t\t\t\t<li>Realiser des projections planes UTM; <\/li>\n\t\t\t\t<li>Changer le format d&#8217;une coordonn\u00e9e g\u00e9ographique En passant du format Degr\u00e9 Minute Seconde au format Degr\u00e9 D\u00e9cimal et vice versa; <\/li>\n\t\t\t<\/ol>\n\t\t<\/div>\n\n\t\t<br\/>\n\t\t<a href=\"http:\/\/ybiscorp.e-monsite.com\/contact\/acquerir-la-licence-demo-de-geoybis-projection.html\" class=\"aButton\" >\n\t\t<div  class=\"container buttonCommander\" >\n\t\t\t<span class=\"buttonMain\"> Commande Ta Licence Demo <\/span>\n\t\t\t<br>\n\t\t\t<span class=\"buttonSub\"> [ C&#8217;est Gratuit !!! ] <\/span><br>\n\t\t<\/div>\n\t\t<\/a>\n\t\t<!--Fin fonctionnalit\u00e9s demo GEOYBIS Projection-->\n\n\t\t<!--Debut fonctionnalit\u00e9s complete GEOYBIS Projection-->\n\t\t<div class=\"container formeTexteSimple\" id=\"AncreComplete\" style=\"background-color: black;color: white\">\n\t\t\t<p>Les fonctionnalit\u00e9s que vous allez d\u00e9couvrir !!! <\/p>\n\t\t\t<p> Version Complete [Payante] <\/p>\n\t\t<\/div>\n\n\t\t<div style=\"text-align: left\">\n\t\t\t<p> Gr\u00e2ce a la version Complete de GEOYBIS Projection vous pouvez : <\/p>\n\t\t<\/div>\n\n\t\t<div  style=\"text-align: left\">\n\t\t\t<ol>\n\t\t\t\t<li>Convertir des coordonn\u00e9es. C&#8217;est \u00e0 dire passer de coordonn\u00e9es g\u00e9ographiques aux coordonn\u00e9es cart\u00e9siennes et vice versa; <\/li>\n\t\t\t\t<li>Realiser des projections planes UTM; <\/li>\n\t\t\t\t<li>Changer le format d&#8217;une coordonn\u00e9e g\u00e9ographique En passant du format Degr\u00e9 Minute Seconde au format Degr\u00e9 D\u00e9cimal et vice versa; <\/li>\n\t\t\t\t<li>Realiser des projections Lambert;<strong>( new )<\/strong> <\/li>\n\t\t\t\t<li>Controler la pr\u00e9cision de ton appareil au cas o\u00f9 tu h\u00e9siterais \u00e0 l&#8217;utiliser sur le chantier; <strong>( new )<\/strong><\/li>\n\t\t\t\t<li>Determiner la borne du R\u00e9seau G\u00e9od\u00e9sique Ivoirien de r\u00e9f\u00e9rence la plus proche de ta position <strong>( new )<\/strong> <\/li>\n\t\t\t\t<li>Realiser une projection TMCI-5.5 qui est la nouvelle repr\u00e9sentation plane institu\u00e9 par D\u00e9cret en CI cens\u00e9 rentre en vigueur en 2022.<strong>( new )<\/strong><\/li>\n\t\t\t<\/ol>\n\t\t<\/div>\n\n\t\t<br\/>\n\t\t<a href=\"http:\/\/ybiscorp.e-monsite.com\/contact\/acquerir-la-licence-complete-de-geoybis-projection.html\" class=\"aButton\" >\n\t\t<div  class=\"container buttonCommander\" >\n\t\t\t<span class=\"buttonMain\"> Commande Ta Licence Complete <\/span>\n\t\t\t<br>\n\t\t\t<span class=\"buttonSub\"> [ Exclusif !!! ] <\/span><br>\n\t\t<\/div>\n\t\t<\/a>\n\t\t<!--Fin fonctionnalit\u00e9s complete GEOYBIS Projection-->\n\n\t\t<div >\n\t\t\t<p>\n\t\t\t\tLe GEOYBIS Projection est une offre unique qui vous permettrera d&#8217;avoir plus d&#8217;assurance dans vos projets et le gain de temps et d&#8217;argent qui en ressortira en etonnera plus d&#8217;un.Mettez vite la main sur votre licence complete de GEOYBIS Projection!!! <\/p>\n\t\t<\/div>\n\n\t\t\t<br\/>\n\t\t\t<a href=\"https:\/\/drive.google.com\/file\/d\/1Lshz_Ev9Ug3Qac4SO7ah5Uk4J5klLdrP\/view?usp=drivesdk\" class=\"aButton\">\n\t\t\t<div class=\"container buttonYBIS\">\n\t\t\t\t<span class=\"buttonMain\"> Telecharger GEOYBIS Projection <\/span>\n\t\t\t\t<br>\n\t\t\t\t<span class=\"buttonSub\"> [Gratuitement] <\/span><br>\n\t\t\t<\/div>\n\t\t\t<\/a>\n\n\n\t\t\n\t\t<!--Debut service client-->\n\t\t<span>\n\t\t\t<br\/>  <h3 style=\"color: black;text-align: center;font-weight: normal\"> Une question? <a href=\"mailto:ybiscorp@gmail.com\" style=\"text-decoration: none\"><strong>ybiscorp@gmail.com<\/strong><\/a> <\/h3>\n\t\t\t<h3 style=\"color: black;text-align: center;font-weight: normal\"> <a href=\"https:\/\/wa.me\/message\/ITIJ7RQGTVBWK1\" style=\"text-decoration: none\"><strong>Whatsapp : Nous contacter <\/strong><\/a> <\/h3>\n\t\t<\/span>\n\t\t<\/div>\n\t\t<!--Fin service client-->\n\n\t\t<div class=\"formeTexteSimple\" style=\"font-size: 200%\">\n\t\t\t<p><strong>\n\t\t\t\tDecouvrir le logiciel<\/strong><\/p>\n\t\t<\/div>\n\n\t\t<!--debut decouverte du GEOYBIS-->\n\t<div class=\"container\"> \n\t\t<div class=\"row lignePhoto\" >\n\t\t\t\t<div>\n\t\t\t\t\t\t<!--<img decoding=\"async\" src=\"img\/portFolioImg.jpg\" alt=\"Image portfolio\">-->\n\t\t\t\t\t\t<img decoding=\"async\" src=\"http:\/\/ybiscorp.alwaysdata.net\/ybiscorp\/wp-content\/uploads\/2024\/01\/0.png\" alt=\"Image photo\">\n\t\t\t\t<\/div>\n\t\t\t\t<br\/>\n\t\t\t\t<div>\n\t\t\t\t\t\t<!--<img decoding=\"async\" src=\"img\/portFolioImg.jpg\" alt=\"Image portfolio\">-->\n\t\t\t\t\t\t<img decoding=\"async\" src=\"http:\/\/ybiscorp.alwaysdata.net\/ybiscorp\/wp-content\/uploads\/2024\/01\/2.jpg\" alt=\"Image portfolio\">\n\t\t\t\t<\/div>\n\t\t<\/div>\n\t\t<br\/>\n\t\t<div class=\"row lignePhoto\" >\n\t\t\t\t<div >\n\t\t\t\t\t\t<!--<img decoding=\"async\" src=\"img\/portFolioImg.jpg\" alt=\"Image portfolio\">-->\n\t\t\t\t\t\t<img decoding=\"async\" src=\"http:\/\/ybiscorp.alwaysdata.net\/ybiscorp\/wp-content\/uploads\/2024\/01\/3.jpg\" alt=\"Image portfolio\">\n\t\t\t\t<\/div>\n\t\t\t\t<br\/>\n\t\t\t\t<div >\n\t\t\t\t\t\t<!--<img decoding=\"async\" src=\"img\/portFolioImg.jpg\" alt=\"Image portfolio\">-->\n\t\t\t\t\t\t<img decoding=\"async\" src=\"http:\/\/ybiscorp.alwaysdata.net\/ybiscorp\/wp-content\/uploads\/2024\/01\/5.jpg\" alt=\"Image portfolio\">\n\t\t\t\t<\/div>\n\t\t<\/div>\n\t\t<br\/>\n\n\t<\/div>\n\n\t<!--Fin decouverte du GEOYBIS-->\n\t<\/div>\n\n\t\n\n\n\n<!--debut du pieds de page-->\n\t<div class=\"container footer\" style=\"background-image: url('img\/image_fond_site.jpg')\">\n\t\t<!--debut service client-->\n\t\t<span>\n\t\t\t<br\/>  <h2 style=\"color: color: rgb(166,166,166);font-weight: normal;\"> <small>Une question? <a href=\"mailto:ybiscorp@gmail.com\" style=\"text-decoration: none;color: rgb(166,166,166)\"><strong>ybiscorp@gmail.com<\/strong><\/small><\/a> <\/h2>  <br\/>\n\t\t<\/span>\n\t\t<!--Fin service client-->\n\n\t\t<!--debut Copyright et propri\u00e9t\u00e9 intellectuelle-->\n\t\t<span>\n\t\t\t<h3><small>Toute reproduction, distribution ou modification partielle ou compl\u00e8te de ce site internet et des documents s&#8217;y aff\u00e9rant est formellement interdite. Ce site internet et tout son contenu sont prot\u00e9g\u00e9s par les lois sur la protection des droits d&#8217;auteurs et de la propri\u00e9t\u00e9 intellectuelle pour tout pays. L\u2019auteur se r\u00e9serve le droit de r\u00e9clamer des dommages et int\u00e9r\u00eats si ces termes ne sont pas respect\u00e9s.<\/small><\/h3>\n\t\t<\/span>\n\t\t<span>\n\t\t\t<br\/>  <h2 style=\"color: color: rgb(166,166,166);font-weight: normal;\"> <small>Copyright (c) 2020 YBIS Corporation &#8211; All Rights Reserved.<\/small> <\/h2>  <br\/>\n\t\t<\/span>\n\t\t<!--fin Copyright et propri\u00e9t\u00e9 intellectuelle-->\n\t\t\n\t\t<!--debut conditions generales de ventes-->\n\t\t<span>\n\t\t\t<br\/>  <h2 style=\"color: color: rgb(166,166,166);font-weight: normal;letter-spacing: 2px\"> <a href=\"http:\/\/ybiscorp.e-monsite.com\/about\/cgv\/\" style=\"color: rgb(166,166,166)\"><small><strong><u>CONDITIONS GENERALES DE VENTES<\/u><strong\/><\/small><\/a> <\/h2> <br\/>\n\t\t<\/span>\n\t\t<!--fin conditions generales de ventes-->\n\t<\/div>\n<!--fin du pieds de page-->\n<\/div>\n<!--*****fin corps du  site-->\n","protected":false},"excerpt":{"rendered":"<p>GEOYBIS Projection La Boite \u00e0 outils g\u00e9odesiques Offre Exceptionnelle !!! Telecharger GEOYBIS Projection [Gratuitement] Le GEOYBIS Projection est un logiciel de calcul g\u00e9od\u00e9sique fond\u00e9 en c\u00f4te d&#8217;Ivoire d\u00e9v\u00e9lopp\u00e9 par YBIS Corp. C&#8217;est en quelque sorte une boite \u00e0 outils qui te permettra de r\u00e9aliser des calculs fondamentaux et indispensables en g\u00e9od\u00e9sie.Le GEOYBIS Projection est distribu\u00e9 [&hellip;]<\/p>\n","protected":false},"author":1,"featured_media":0,"parent":0,"menu_order":0,"comment_status":"closed","ping_status":"closed","template":"","meta":{"footnotes":""},"categories":[4],"tags":[],"class_list":["post-22","page","type-page","status-publish","hentry","category-infoproduits"],"_links":{"self":[{"href":"https:\/\/ybiscorp.alwaysdata.net\/ybiscorp\/index.php\/wp-json\/wp\/v2\/pages\/22","targetHints":{"allow":["GET"]}}],"collection":[{"href":"https:\/\/ybiscorp.alwaysdata.net\/ybiscorp\/index.php\/wp-json\/wp\/v2\/pages"}],"about":[{"href":"https:\/\/ybiscorp.alwaysdata.net\/ybiscorp\/index.php\/wp-json\/wp\/v2\/types\/page"}],"author":[{"embeddable":true,"href":"https:\/\/ybiscorp.alwaysdata.net\/ybiscorp\/index.php\/wp-json\/wp\/v2\/users\/1"}],"replies":[{"embeddable":true,"href":"https:\/\/ybiscorp.alwaysdata.net\/ybiscorp\/index.php\/wp-json\/wp\/v2\/comments?post=22"}],"version-history":[{"count":5,"href":"https:\/\/ybiscorp.alwaysdata.net\/ybiscorp\/index.php\/wp-json\/wp\/v2\/pages\/22\/revisions"}],"predecessor-version":[{"id":253,"href":"https:\/\/ybiscorp.alwaysdata.net\/ybiscorp\/index.php\/wp-json\/wp\/v2\/pages\/22\/revisions\/253"}],"wp:attachment":[{"href":"https:\/\/ybiscorp.alwaysdata.net\/ybiscorp\/index.php\/wp-json\/wp\/v2\/media?parent=22"}],"wp:term":[{"taxonomy":"category","embeddable":true,"href":"https:\/\/ybiscorp.alwaysdata.net\/ybiscorp\/index.php\/wp-json\/wp\/v2\/categories?post=22"},{"taxonomy":"post_tag","embeddable":true,"href":"https:\/\/ybiscorp.alwaysdata.net\/ybiscorp\/index.php\/wp-json\/wp\/v2\/tags?post=22"}],"curies":[{"name":"wp","href":"https:\/\/api.w.org\/{rel}","templated":true}]}}