{"id":24,"date":"2024-01-26T08:46:16","date_gmt":"2024-01-26T08:46:16","guid":{"rendered":"https:\/\/ybiscorp.alwaysdata.net\/ybiscorp\/?page_id=24"},"modified":"2025-10-19T21:03:31","modified_gmt":"2025-10-19T21:03:31","slug":"gnss-data-download","status":"publish","type":"page","link":"https:\/\/ybiscorp.alwaysdata.net\/ybiscorp\/index.php\/gnss-data-download\/","title":{"rendered":"GNSS Data Download"},"content":{"rendered":"\n<link rel=\"icon\" href=\"http:\/\/ybiscorp.alwaysdata.net\/ybiscorp\/wp-content\/uploads\/2024\/01\/logo-de-mon-site.png\">\n\n<link href=\"https:\/\/fonts.googleapis.com\/css?family=Open+Sans:400,700%7COswald:400,700%7CDroid+Sans:400,700%7CRoboto:400,700%7CLato:400,700%7CPT+Sans:400,700%7CSource+Sans+Pro:400,600,700%7CNoto+Sans:400,700%7CPT+Sans:400,700%7CUbuntu:400,700%7CBitter:400,700%7CPT+Serif:400,700%7CRokkitt:400,700%7CDroid+Serif:400,700%7CRaleway:400,700%7CInconsolata:400,700\" rel=\"stylesheet\" type=\"text\/css\">\n\n<!--#debut corps du  site-->\n<div style=\"background-image: url('http:\/\/ybiscorp.alwaysdata.net\/ybiscorp\/wp-content\/uploads\/2024\/01\/image-fond-site.jpg')\">\n\t<div class=\"container colonneLecture\"> \n\t\t<!--Debut nom de l'entreprise-->\n\t\t<div class=\"container-fluid nomEntreprise\">\n\t\t\t<h1>GNSS DATA DOWNLOAD<\/h1>\n\t\t\t<h2>La Passerelle vers les stations permanentes<\/h2>\n\t\t<\/div>\n\t\t<!--Fin nom de l'entreprise-->\n\n\t\t<!--1\/Le GNSS Data Download-->\n\t\t<div class=\"titreProduit\" style=\"color:red\"><br\/> Offre Exceptionnelle !!! <br\/> <\/div>\n\t\t<div class=\"imageProduit\">\n\t\t\t<br\/><img decoding=\"async\" src=\"http:\/\/ybiscorp.alwaysdata.net\/ybiscorp\/wp-content\/uploads\/2024\/01\/logo-gnss-data-download.png\"><br\/>\n\t\t<\/div>\n\t\t\t<br\/>\n\t\t\t<a href=\"https:\/\/raw.githubusercontent.com\/SamsonIrieBiYouan\/GNSS_Data_Download\/master\/GNSS%20Data%20Download%202.0.exe\" class=\"aButton\">\n\t\t\t<div class=\"container buttonYBIS\" id=\"btnGDD\" style=\"width:80%\">\n\t\t\t\t<span class=\"buttonMain\"> Telecharger GNSS Data Download <\/span>\n\t\t\t\t<br>\n\t\t\t\t<span class=\"buttonSub\"> [Gratuit sur GitHub] <\/span><br>\n\t\t\t<\/div>\n\t\t\t<\/a>\n\t\t<!--Fin du GNSS Data Download-->\n\n\t\t<!-- Debut Presentation GNSS Data Download -->\n\t\t<div class=\"formeTexteSimple\" style=\"font-size: 150%\">\n\t\t\t\n\t\t\n\t\t<div >\n\t\t\t<p>\n\t\t\t\tLe GNSS Data Download est un outil informatique personnalis\u00e9 fond\u00e9 en c\u00f4te d&#8217;Ivoire d\u00e9v\u00e9lopp\u00e9 par YBIS Corp.Le GNSS Data Download permet d\u2019automatiser l&#8217;acquisition de donn\u00e9es d&#8217;observation et de navigation des stations permanentes et aussi les donn\u00e9es d&#8217;\u00e9ph\u00e9m\u00e9rides pr\u00e9cises, centre de phase et autres produits de l&#8217;IGS. Cet outil est dot\u00e9 d\u2019une interface conviviale permettant \u00e0 l\u2019utilisateur d\u2019effectuer des t\u00e9l\u00e9chargements ais\u00e9s des donn\u00e9es GNSS n\u00e9cessaires pour le positionnement relatif en temps diff\u00e9r\u00e9. <\/p>\n\t\t<\/div>\n\t\t\n\t\t<!--Debut fonctionnalit\u00e9s GNSS Data Download-->\n\t\t<div class=\"container formeTexteSimple\" style=\"background-color: black;color: white\">\n\t\t\t<p>Les fonctionnalit\u00e9s que vous allez d\u00e9couvrir !!! <\/p>\n\t\t<\/div>\n\n\t\t<div  style=\"text-align: left\">\n\t\t\t<p> Gr\u00e2ce au GNSS Data Download vous pouvez : <\/p>\n\t\t<\/div>\n\n\t\t<div  style=\"text-align: left\">\n\t\t\t<ol>\n\t\t\t\t<li>r\u00e9cup\u00e9rer les donn\u00e9es RINEX d&#8217;observation  des stations permanentes en renseignant uniquement l&#8217;acronyme de la station permanente et le jour d&#8217;observation;  <\/li>\n\t\t\t\t<li>r\u00e9cup\u00e9rer les donn\u00e9es RINEX de navigation des stations permanentes en renseignant uniquement l&#8217;acronyme de la station permanente et le jour d&#8217;observation;; <\/li>\n\t\t\t\t<li>Calculer le jour de l&#8217;ann\u00e9e en renseignant uniquement votre date d&#8217;observation; <\/li>\n\t\t\t\t<li>Calculer la semaine GPS en renseignant uniquement votre date d&#8217;observation; <\/li>\n\t\t\t\t<li>Calculer le jour GPS en renseignant uniquement votre date d&#8217;observation; <\/li>\n\t\t\t\t<li>R\u00e9cup\u00e9rer les donn\u00e9es d&#8217;\u00e9ph\u00e9m\u00e9rides pr\u00e9cises GPS en precisant uniquement votre date d&#8217;observation; <\/li>\n\t\t\t\t<li>R\u00e9cup\u00e9rer les donn\u00e9es d&#8217;\u00e9ph\u00e9m\u00e9rides pr\u00e9cises GPS+GLONASS en precisant uniquement votre date d&#8217;observation;<\/li>\n\t\t\t\t<li>En fonction de vos besoins, r\u00e9cup\u00e9rer soit des fichiers d&#8217;ephemerides ultra rapide &#8220;*igu&#8221;,rapide &#8220;*igr&#8221; ou final &#8220;*igs&#8221;; <\/li>\n\t\t\t\t<li>t\u00e9l\u00e9charger des donn\u00e9es de mod\u00e8les ionosph\u00e9riques correspondant \u00e0 votre jour d&#8217;observation; <\/li>\n\t\t\t\t<li>t\u00e9l\u00e9charger le fichier specifiant la position exacte du centre de phase des recepteurs et des satellites  <\/li>\n\t\t\t\t<li>Telecharger les coordonn\u00e9es approch\u00e9es des stations permanentes dans l&#8217;ITRF couramment utilis\u00e9 \u00e0 la date de t\u00e9l\u00e9chargement en renseignant uniquement votre date d&#8217;observation; <\/li>\n\t\t\t<\/ol>\n\t\t<\/div>\n\n\t\t<!--Fin fonctionnalit\u00e9s complete GNSS Data Download-->\n\n\t\t<div class=\"imageProduit\">\n\t\t\t<br\/><img decoding=\"async\" src=\"http:\/\/ybiscorp.alwaysdata.net\/ybiscorp\/wp-content\/uploads\/2024\/01\/logo-gnss-data-download.png\"><br\/>\n\t\t<\/div>\n\n\t\t<div >\n\t\t\t<p>\n\t\t\t\tLe GEOYBIS Projection est une offre unique qui vous permettrera d&#8217;avoir plus d&#8217;assurance dans vos projets et le gain de temps et d&#8217;argent qui en ressortira en etonnera plus d&#8217;un.Avec ce logiciel vous pouvez profitez d&#8217;un recepteur &#8220;base&#8221; en etat de fonctionnement permanent et controlez tous vos travaux.Mettez vite la main sur votre passerelle vers les stations permanentes : <strong>Le GNSS Data Download !!!<\/strong> <\/p>\n\t\t<\/div>\n\n\t\t\t<br\/>\n\t\t\t<a href=\"https:\/\/raw.githubusercontent.com\/SamsonIrieBiYouan\/GNSS_Data_Download\/master\/GNSS%20Data%20Download%202.0.exe\" class=\"aButton\">\n\t\t\t<div class=\"container buttonYBIS\" id=\"btnGDD\" style=\"width:90%\">\n\t\t\t\t<span class=\"buttonMain\"> Telecharger GNSS Data Download <\/span>\n\t\t\t\t<br>\n\t\t\t\t<span class=\"buttonSub\"> [Gratuit sur GitHub] <\/span><br>\n\t\t\t<\/div>\n\t\t\t<\/a>\n\n\n\t\t\n\t\t<!--Debut service client-->\n\t\t<span>\n\t\t\t<br\/>  <h3 style=\"color: black;text-align: center;font-weight: normal\"> Une question? <a href=\"mailto:ybiscorp@gmail.com\" style=\"text-decoration: none\"><strong>ybiscorp@gmail.com<\/strong><\/a> <\/h3>  <br\/>\n\t\t<\/span>\n\t\t<\/div>\n\t\t<!--Fin service client-->\n\n\t\t<div class=\"formeTexteSimple\" style=\"font-size: 200%\">\n\t\t\t<p><strong>\n\t\t\t\tDecouvrir le logiciel<\/strong><\/p>\n\t\t<\/div>\n\n\t\t<!--debut decouverte du GEOYBIS-->\n\t<div class=\"container\"> \n\t\t<div class=\"row lignePhoto\" >\n\t\t\t\t<div>\n\t\t\t\t\t\t<!--<img decoding=\"async\" src=\"img\/portFolioImg.jpg\" alt=\"Image portfolio\">-->\n\t\t\t\t\t\t<img decoding=\"async\" src=\"http:\/\/ybiscorp.alwaysdata.net\/ybiscorp\/wp-content\/uploads\/2024\/01\/0-1.png\" alt=\"Image photo\">\n\t\t\t\t<\/div>\n\t\t\t\t<br\/>\n\t\t\t\t<div>\n\t\t\t\t\t\t<!--<img decoding=\"async\" src=\"img\/portFolioImg.jpg\" alt=\"Image portfolio\">-->\n\t\t\t\t\t\t<img decoding=\"async\" src=\"http:\/\/ybiscorp.alwaysdata.net\/ybiscorp\/wp-content\/uploads\/2024\/01\/1.png\" alt=\"Image portfolio\">\n\t\t\t\t<\/div>\n\t\t<\/div>\n\t\t<br\/>\n\t\t<div class=\"row lignePhoto\" >\n\t\t\t\t<div >\n\t\t\t\t\t\t<!--<img decoding=\"async\" src=\"img\/portFolioImg.jpg\" alt=\"Image portfolio\">-->\n\t\t\t\t\t\t<img decoding=\"async\" src=\"http:\/\/ybiscorp.alwaysdata.net\/ybiscorp\/wp-content\/uploads\/2024\/01\/2.png\" alt=\"Image portfolio\">\n\t\t\t\t<\/div>\n\t\t\t\t<br\/>\n\t\t\t\t<div >\n\t\t\t\t\t\t<!--<img decoding=\"async\" src=\"img\/portFolioImg.jpg\" alt=\"Image portfolio\">-->\n\t\t\t\t\t\t<img decoding=\"async\" src=\"http:\/\/ybiscorp.alwaysdata.net\/ybiscorp\/wp-content\/uploads\/2024\/01\/3.png\" alt=\"Image portfolio\">\n\t\t\t\t<\/div>\n\t\t<\/div>\n\t\t<br\/>\n\t<\/div>\n\n\t<!--Fin decouverte du GNSS Data Download-->\n\t<\/div>\n\n\t\n\n\n\n<!--debut du pieds de page-->\n\t<div class=\"container footer\" style=\"background-image: url('http:\/\/ybiscorp.alwaysdata.net\/ybiscorp\/wp-content\/uploads\/2024\/01\/image-fond-site.jpg')\">\n\t\t<!--debut service client-->\n\t\t<span>\n\t\t\t<br\/>  <h2 style=\"color: color: rgb(166,166,166);font-weight: normal;\"> <small>Une question? <a href=\"mailto:ybiscorp@gmail.com\" style=\"text-decoration: none;color: rgb(166,166,166)\"><strong>ybiscorp@gmail.com<\/strong><\/small><\/a> <\/h2>  <br\/>\n\t\t<\/span>\n\t\t<!--Fin service client-->\n\n\t\t<!--debut Copyright et propri\u00e9t\u00e9 intellectuelle-->\n\t\t<span>\n\t\t\t<h3><small>Toute reproduction, distribution ou modification partielle ou compl\u00e8te de ce site internet et des documents s&#8217;y aff\u00e9rant est formellement interdite. Ce site internet et tout son contenu sont prot\u00e9g\u00e9s par les lois sur la protection des droits d&#8217;auteurs et de la propri\u00e9t\u00e9 intellectuelle pour tout pays. L\u2019auteur se r\u00e9serve le droit de r\u00e9clamer des dommages et int\u00e9r\u00eats si ces termes ne sont pas respect\u00e9s.<\/small><\/h3>\n\t\t<\/span>\n\t\t<span>\n\t\t\t<br\/>  <h2 style=\"color: color: rgb(166,166,166);font-weight: normal;\"> <small>Copyright (c) 2020 YBIS Corporation &#8211; All Rights Reserved.<\/small> <\/h2>  <br\/>\n\t\t<\/span>\n\t\t<!--fin Copyright et propri\u00e9t\u00e9 intellectuelle-->\n\t\t\n\t\t<!--debut conditions generales de ventes-->\n\t\t<span>\n\t\t\t<br\/>  <h2 style=\"color: color: rgb(166,166,166);font-weight: normal;letter-spacing: 2px\"> <a href=\"http:\/\/ybiscorp.e-monsite.com\/about\/cgv\/\" style=\"color: rgb(166,166,166)\"><small><strong><u>CONDITIONS GENERALES DE VENTES<\/u><strong\/><\/small><\/a> <\/h2> <br\/>\n\t\t<\/span>\n\t\t<!--fin conditions generales de ventes-->\n\t<\/div>\n<!--fin du pieds de page-->\n<\/div>\n<!--*****fin corps du  site-->\n","protected":false},"excerpt":{"rendered":"<p>GNSS DATA DOWNLOAD La Passerelle vers les stations permanentes Offre Exceptionnelle !!! Telecharger GNSS Data Download [Gratuit sur GitHub] Le GNSS Data Download est un outil informatique personnalis\u00e9 fond\u00e9 en c\u00f4te d&#8217;Ivoire d\u00e9v\u00e9lopp\u00e9 par YBIS Corp.Le GNSS Data Download permet d\u2019automatiser l&#8217;acquisition de donn\u00e9es d&#8217;observation et de navigation des stations permanentes et aussi les donn\u00e9es [&hellip;]<\/p>\n","protected":false},"author":1,"featured_media":0,"parent":0,"menu_order":0,"comment_status":"closed","ping_status":"closed","template":"","meta":{"footnotes":""},"categories":[4],"tags":[],"class_list":["post-24","page","type-page","status-publish","hentry","category-infoproduits"],"_links":{"self":[{"href":"https:\/\/ybiscorp.alwaysdata.net\/ybiscorp\/index.php\/wp-json\/wp\/v2\/pages\/24","targetHints":{"allow":["GET"]}}],"collection":[{"href":"https:\/\/ybiscorp.alwaysdata.net\/ybiscorp\/index.php\/wp-json\/wp\/v2\/pages"}],"about":[{"href":"https:\/\/ybiscorp.alwaysdata.net\/ybiscorp\/index.php\/wp-json\/wp\/v2\/types\/page"}],"author":[{"embeddable":true,"href":"https:\/\/ybiscorp.alwaysdata.net\/ybiscorp\/index.php\/wp-json\/wp\/v2\/users\/1"}],"replies":[{"embeddable":true,"href":"https:\/\/ybiscorp.alwaysdata.net\/ybiscorp\/index.php\/wp-json\/wp\/v2\/comments?post=24"}],"version-history":[{"count":6,"href":"https:\/\/ybiscorp.alwaysdata.net\/ybiscorp\/index.php\/wp-json\/wp\/v2\/pages\/24\/revisions"}],"predecessor-version":[{"id":443,"href":"https:\/\/ybiscorp.alwaysdata.net\/ybiscorp\/index.php\/wp-json\/wp\/v2\/pages\/24\/revisions\/443"}],"wp:attachment":[{"href":"https:\/\/ybiscorp.alwaysdata.net\/ybiscorp\/index.php\/wp-json\/wp\/v2\/media?parent=24"}],"wp:term":[{"taxonomy":"category","embeddable":true,"href":"https:\/\/ybiscorp.alwaysdata.net\/ybiscorp\/index.php\/wp-json\/wp\/v2\/categories?post=24"},{"taxonomy":"post_tag","embeddable":true,"href":"https:\/\/ybiscorp.alwaysdata.net\/ybiscorp\/index.php\/wp-json\/wp\/v2\/tags?post=24"}],"curies":[{"name":"wp","href":"https:\/\/api.w.org\/{rel}","templated":true}]}}