{"id":26,"date":"2024-01-26T08:51:22","date_gmt":"2024-01-26T08:51:22","guid":{"rendered":"https:\/\/ybiscorp.alwaysdata.net\/ybiscorp\/?page_id=26"},"modified":"2024-01-30T13:00:01","modified_gmt":"2024-01-30T13:00:01","slug":"home","status":"publish","type":"page","link":"https:\/\/ybiscorp.alwaysdata.net\/ybiscorp\/index.php\/home\/","title":{"rendered":"Accueil"},"content":{"rendered":"\n<link href=\"https:\/\/cdn.jsdelivr.net\/npm\/bootstrap@5.3.2\/dist\/css\/bootstrap.min.css\" rel=\"stylesheet\" integrity=\"sha384-T3c6CoIi6uLrA9TneNEoa7RxnatzjcDSCmG1MXxSR1GAsXEV\/Dwwykc2MPK8M2HN\" crossorigin=\"anonymous\">\n\n<link href=\"http:\/\/ybiscorp.e-monsite.com\/themes\/combined.css?v=6_1665404070_119\" rel=\"stylesheet\" type=\"text\/css\">\n\n<link href=\"https:\/\/fonts.googleapis.com\/css?family=Open+Sans:400,700%7COswald:400,700%7CDroid+Sans:400,700%7CRoboto:400,700%7CLato:400,700%7CPT+Sans:400,700%7CSource+Sans+Pro:400,600,700%7CNoto+Sans:400,700%7CPT+Sans:400,700%7CUbuntu:400,700%7CBitter:400,700%7CPT+Serif:400,700%7CRokkitt:400,700%7CDroid+Serif:400,700%7CRaleway:400,700%7CInconsolata:400,700\" rel=\"stylesheet\" type=\"text\/css\">\n\n\n<!-- ********************************************************CSS COVER******************************************************************** -->\n<div class=\"container\" style=\"background-image: url('http:\/\/ybiscorp.alwaysdata.net\/ybiscorp\/wp-content\/uploads\/2024\/01\/image-fond-site.jpg')\">\n<\/br>\n<!-- Link Swiper's CSS -->\n  <link rel=\"stylesheet\" href=\"https:\/\/cdn.jsdelivr.net\/npm\/swiper@11\/swiper-bundle.min.css\" \/>\n\n  <!-- Demo styles -->\n  <style>\n    html,\n    body {\n      position: relative;\n      height: 100%;\n    }\n\n    body {\n      background: #eee;\n      font-family: Helvetica Neue, Helvetica, Arial, sans-serif;\n      font-size: 14px;\n      color: #000;\n      margin: 0;\n      padding: 0;\n    }\n\n    .swiper {\n      width: 100%;\n      height: 100%;\n    }\n\n    .swiper-slide {\n      text-align: center;\n      font-size: 18px;\n      background: none;\n      display: flex;\n      justify-content: center;\n      align-items: center;\n    }\n\n    .swiper-slide img {\n      display: block;\n      width: 200%;\n      height: 200%;\n      object-fit: cover;\n    }\n\n\n    .swiper {\n      width: 100%;\n      height: 300px;\n      margin-left: auto;\n      margin-right: auto;\n    }\n\n    .swiper-slide {\n      background-size: cover;\n      background-position: center;\n    }\n\n    .mySwiper2 {\n      height: 80%;\n      width: 100%;\n    }\n\n    .mySwiper {\n      height: 20%;\n      box-sizing: border-box;\n      padding: 10px 0;\n    }\n\n    .mySwiper .swiper-slide {\n      width: 25%;\n      height: 100%;\n      opacity: 0.6;\n    }\n\n    .mySwiper .swiper-slide-thumb-active {\n      opacity: 1;\n    }\n\n    .swiper-slide img {\n      display: block;\n      width: 70%;\n      height: auto;\n      object-fit: cover;\n    }\n\n    .mi2 img{\n        width: 100%;\n        height: 100%;\n    }\n\n    .mi-swiper-button {\n        color: #000;\n        margin: 0 70px;\n    }\n  <\/style>\n<!-- ********************************************************FIN CSS COVER******************************************************************** -->\n\n<!-- ********************************************************COVER******************************************************************** -->\n<!-- Swiper -->\n    <div style=\"display: flex; align-items:center; justify-content:center; height: 75vh; width: 77vw; margin:auto\">\n        <div style=\"width: 100%; height: 700px\">\n            <div style=\"--swiper-navigation-color: #fff; --swiper-pagination-color: #fff\" class=\"swiper mySwiper2\">\n                <div class=\"swiper-wrapper\">\n                    <div class=\"swiper-slide\">\n                    <img decoding=\"async\" src=\"http:\/\/ybiscorp.alwaysdata.net\/ybiscorp\/wp-content\/uploads\/2024\/01\/map-3260506-1920.jpg\" \/>\n                    <\/div>\n                    <div class=\"swiper-slide\">\n                    <img decoding=\"async\" src=\"http:\/\/ybiscorp.alwaysdata.net\/ybiscorp\/wp-content\/uploads\/2024\/01\/station-permanente1.jpg\" \/>\n                    <\/div>\n                    <div class=\"swiper-slide\">\n                    <img decoding=\"async\" src=\"http:\/\/ybiscorp.alwaysdata.net\/ybiscorp\/wp-content\/uploads\/2024\/01\/station-permanente2.jpg\" \/>\n                    <\/div>\n                    <div class=\"swiper-slide\">\n                    <img decoding=\"async\" src=\"http:\/\/ybiscorp.alwaysdata.net\/ybiscorp\/wp-content\/uploads\/2024\/01\/maps-2294276-1920.jpg\" \/>\n                    <\/div>\n                    <div class=\"swiper-slide\">\n                    <img decoding=\"async\" src=\"http:\/\/ybiscorp.alwaysdata.net\/ybiscorp\/wp-content\/uploads\/2024\/01\/lesstationsdanslemonde.png\" \/>\n                    <\/div>\n                    <div class=\"swiper-slide\">\n                    <img decoding=\"async\" src=\"http:\/\/ybiscorp.alwaysdata.net\/ybiscorp\/wp-content\/uploads\/2024\/01\/globe-trotter-1828079-1920.jpg\" \/>\n                    <\/div>\n                    \n                <\/div>\n                <div class=\"swiper-button-next mi-swiper-button\"><\/div>\n                <div class=\"swiper-button-prev mi-swiper-button\"><\/div>\n            <\/div>\n\n            <div style=\"background-color:#000; width: 100%; height: 130px; display:flex; align-items:center; justify-content:center; margin-top: 15px; \">\n                <div thumbsSlider=\"\" class=\"swiper mySwiper\" style=\"margin: 10px 0; width:50%; height: 100%\">\n                    <div class=\"swiper-wrapper\">\n                        <div class=\"swiper-slide mi2\">\n                        <img decoding=\"async\" src=\"http:\/\/ybiscorp.alwaysdata.net\/ybiscorp\/wp-content\/uploads\/2024\/01\/map-3260506-1920.jpg\" \/>\n                        <\/div>\n                        <div class=\"swiper-slide mi2\">\n                        <img decoding=\"async\" src=\"http:\/\/ybiscorp.alwaysdata.net\/ybiscorp\/wp-content\/uploads\/2024\/01\/station-permanente1.jpg\" \/>\n                        <\/div>\n                        <div class=\"swiper-slide mi2\">\n                        <img decoding=\"async\" src=\"http:\/\/ybiscorp.alwaysdata.net\/ybiscorp\/wp-content\/uploads\/2024\/01\/station-permanente2.jpg\" \/>\n                        <\/div>\n                        <div class=\"swiper-slide mi2\">\n                        <img decoding=\"async\" src=\"http:\/\/ybiscorp.alwaysdata.net\/ybiscorp\/wp-content\/uploads\/2024\/01\/maps-2294276-1920.jpg\" \/>\n                        <\/div>\n                        <div class=\"swiper-slide mi2\">\n                        <img decoding=\"async\" src=\"http:\/\/ybiscorp.alwaysdata.net\/ybiscorp\/wp-content\/uploads\/2024\/01\/lesstationsdanslemonde.png\" \/>\n                        <\/div>\n                        <div class=\"swiper-slide mi2\">\n                        <img decoding=\"async\" src=\"http:\/\/ybiscorp.alwaysdata.net\/ybiscorp\/wp-content\/uploads\/2024\/01\/globe-trotter-1828079-1920.jpg\" \/>\n                        <\/div>\n                    <\/div>\n                <\/div>\n            <\/div>\n        <\/div>\n    <\/div>\n\n  <!-- Swiper JS -->\n  <script src=\"https:\/\/cdn.jsdelivr.net\/npm\/swiper@11\/swiper-bundle.min.js\"><\/script>\n\n  <!-- Initialize Swiper -->\n  <script>\n    var swiper = new Swiper(\".mySwiper\", {\n      spaceBetween: 10,\n      slidesPerView: 6,\n      freeMode: true,\n      watchSlidesProgress: true,\n\n    });\n    var swiper2 = new Swiper(\".mySwiper2\", {\n      spaceBetween: 10,\n      navigation: {\n        nextEl: \".swiper-button-next\",\n        prevEl: \".swiper-button-prev\",\n      },\n      autoplay: {\n        delay: 6000,\n        disableOnInteraction: false,\n      },\n      thumbs: {\n        swiper: swiper,\n      },\n    });\n  <\/script>\n<!--<\/div>\n<!-- ********************************************************Fin COVER******************************************************************** -->\n\n\n<div class=\"container\" style=\"background-image: url('http:\/\/ybiscorp.alwaysdata.net\/ybiscorp\/wp-content\/uploads\/2024\/01\/image-fond-site.jpg')\"> &#8211;>\n\n<div class=\"container colonneLecture\">\n    <!--Debut nom de l'entreprise-->\n<div class=\"container-fluid nomEntreprise\">\n<h1>YBIS CORPORATION<\/h1>\n<h2>ENTREPRISE IVOIRIENNE DE CONCEPTION D&#39;INFOPRODUITS GEODESIQUES<\/h2>\n<\/div>\n<!--Fin nom de l'entreprise--><!--Debut service client-->\n\n<div class=\"titreProduit\"><br \/>\nNos Infoproduits<\/div>\n&nbsp;\n\n<h2 class=\"sousTitreProduit\" style=\"color: black;font-weight: normal;\">Des questions? <a href=\"mailto:ybiscorp@gmail.com\" style=\"text-decoration: none;color: black\"><strong>ybiscorp@gmail.com<\/strong><\/a><\/h2>\n&nbsp;\n\n<div class=\"separateur\" style=\"margin-top: 20px\">\n<hr style=\"display:none\" \/><\/div>\n<!--Fin service client-->\n\n<!--0\/Le DTSharp-->\n\n<div class=\"titreProduit\"><br \/>\nLe DTSharp<\/div>\n&nbsp;\n\n<h2 class=\"sousTitreProduit\">Offre Exceptionnelle !!!<\/h2>\n&nbsp;\n\n<div class=\"imageProduit\"><img decoding=\"async\" src=\"http:\/\/ybiscorp.alwaysdata.net\/ybiscorp\/wp-content\/uploads\/2024\/01\/logo-dtsharp-image-png.png\" \/><\/div>\n\n<div class=\"container buttonYBIS\"><a class=\"aButton\" href=\"https:\/\/ybiscorp.alwaysdata.net\/ybiscorp\/index.php\/dtsharp\/\" style=\"text-decoration:none;color: white\"><span class=\"buttonMain\"> DTSharp <\/span><br \/>\n<span class=\"buttonSub\"> Offre pour Accelerer vos montage de dossiers techniques !<\/span><\/a><\/div>\n\n<!--<div class=\"separateur\">-->\n<!--<hr style=\"display:none\" \/><\/div>-->\n<!--Fin 0\/Le DTSharp-->\n\n\n<div class=\"separateur\" style=\"margin-top: 20px\">\n<hr style=\"display:none\" \/><\/div>\n<!--Fin service client-->\n\n\n<!--1\/Le GEOYBIS Projection-->\n\n<div class=\"titreProduit\"><br \/>\nGEOYBIS Projection<\/div>\n&nbsp;\n\n<h2 class=\"sousTitreProduit\">Offre Exceptionnelle !!!<\/h2>\n&nbsp;\n\n<div class=\"imageProduit\"><img decoding=\"async\" src=\"http:\/\/ybiscorp.alwaysdata.net\/ybiscorp\/wp-content\/uploads\/2024\/01\/logo-geoybis-png.png\" \/><\/div>\n\n<div class=\"container buttonYBIS\"><a class=\"aButton\" href=\"https:\/\/ybiscorp.alwaysdata.net\/ybiscorp\/index.php\/geoybis-projection\/\" style=\"text-decoration:none;color: white\"><span class=\"buttonMain\"> GEOYBIS Projection <\/span><br \/>\n<span class=\"buttonSub\"> Offre pour Accelerer vos travaux !<\/span><\/a><\/div>\n\n<div class=\"separateur\">\n<hr style=\"display:none\" \/><\/div>\n<!--Fin du GEOYBIS Projection--> \n\n<!--2\/ Le GNSS Data Download-->\n\n<div class=\"titreProduit\"><br \/>\nGNSS Data Download<\/div>\n&nbsp;\n\n<h2 class=\"sousTitreProduit\">Offre Incroyable !!!<\/h2>\n&nbsp;\n\n<div class=\"imageProduit\"><img decoding=\"async\" src=\"http:\/\/ybiscorp.alwaysdata.net\/ybiscorp\/wp-content\/uploads\/2024\/01\/logo-gnss-data-download.png\" \/><\/div>\n\n<div class=\"container buttonYBIS\"><a class=\"aButton\" href=\"https:\/\/ybiscorp.alwaysdata.net\/ybiscorp\/index.php\/gnss-data-download\/\" style=\"text-decoration:none;color: white\"><span class=\"buttonMain\"> GNSS Data Download <\/span><br \/>\n<span class=\"buttonSub\"> Telechargement Gratuit !<\/span><\/a><\/div>\n\n<div class=\"separateur\"> <hr style=\"display:none\" \/> <\/div>\n<!--Fin du GNSS Data Download-->\n\n<!--3\/ EASY BUY -->\n<!--\t\t<div class=\"titreProduit\" ><br\/> EASY BUY <br\/> <\/div>\n\t\t<br\/> <h2 class=\"sousTitreProduit\">Offre Inedite !!!<\/h2> <br\/>\n\t\t<div class=\"imageProduit\">\n\t\t\t<img decoding=\"async\" src=\"http:\/\/ybiscorp.alwaysdata.net\/ybiscorp\/wp-content\/uploads\/2024\/01\/carte-bancaire.png\">\n\t\t<\/div>\n\t\t\n\n\t\t\t<a href=\"http:\/\/ybiscorp.e-monsite.com\/pages\/les-infoproduits\/easy-buy.html\" class=\"aButton\">\n\t\t\t\t<div class=\"container buttonYBIS\">\n\t\t\t\t\t<span class=\"buttonMain\"> EASY BUY <\/span>\n\t\t\t\t\t<br>\n\t\t\t\t\t<span class=\"buttonSub\"> Profitez de l'offre limit\u00e9e !<\/span><br>\n\t\t\t\t<\/div>\n\t\t\t<\/a>\n\t\t\t<div class=\"separateur\">\n\t\t\t\t<hr style=\"display:none\">\n\t\t\t<\/div>\n\t\t<!--Fin EASY BUY-->\n\n<!-- Debut Presentation YBIS CORPORATION -->\n\n<div class=\"sousTitreProduit\" style=\"color: black;text-align: center;font-weight: normal\">\n<div class=\"imageProduit\"><img decoding=\"async\" src=\"http:\/\/ybiscorp.alwaysdata.net\/ybiscorp\/wp-content\/uploads\/2024\/01\/Logo-de-mon-site.png\" \/><\/div>\n<span> <\/span>\n\n<h3 class=\"sousTitreProduit\" style=\"color: black;text-align: center;font-weight: normal;line-height: 35px\"><span>YBIS Corporation est une entreprise specialis&eacute;e dans la conception et\/ou la commercialisation de produits ou services alternatifs.Ses conceptions sont fond&eacute;es sur l&#39;experience informatique et digitale combin&eacute;e &agrave; l&#39;expertise en ing&eacute;nierie de ses membres, dans differents domaines tels que notamment la geodesie,la topographie,les sciences geographiques et autre&#8230;<\/span><\/h3>\n<span> <\/span> <span> <a href=\"https:\/\/ybiscorp.alwaysdata.net\/ybiscorp\/index.php\/presentation-de-notre-organisation\/\" style=\"text-align: center;font-weight: normal\"><strong>Cliquez ici pour en savoir plus<\/strong><\/a> <\/span><br \/>\n<span> <\/span>\n\n<!--<h3 style=\"color: black;text-align: center;font-weight: normal\"><span>Une question? <a href=\"mailto:ybiscorp@gmail.com\" style=\"text-decoration: none\"><strong>ybiscorp@gmail.com<\/strong><\/a> <\/span><\/h3>-->\n<span> <\/span><\/div>\n\n<!--Fin Presentation YBIS CORPORATION--><\/div>\n\n<!--debut du pieds de page-->\n\t<div class=\"container footer\" style=\"background-image: url('http:\/\/ybiscorp.alwaysdata.net\/ybiscorp\/wp-content\/uploads\/2024\/01\/image-fond-site.jpg')\">\n\t\t<!--debut service client-->\n\t\t<span>\n\t\t\t<br\/>  <h2 style=\"color: color: rgb(166,166,166);font-weight: normal;\"> <small>Une question? <a href=\"mailto:ybiscorp@gmail.com\" style=\"text-decoration: none;color: rgb(166,166,166)\"><strong>ybiscorp@gmail.com<\/strong><\/small><\/a> <\/h2>  <br\/>\n\t\t<\/span>\n\t\t<!--Fin service client-->\n\n\t\t<!--debut Copyright et propri\u00e9t\u00e9 intellectuelle-->\n\t\t<span>\n\t\t\t<h3><small>Toute reproduction, distribution ou modification partielle ou compl\u00e8te de ce site internet et des documents s&#8217;y aff\u00e9rant est formellement interdite. Ce site internet et tout son contenu sont prot\u00e9g\u00e9s par les lois sur la protection des droits d&#8217;auteurs et de la propri\u00e9t\u00e9 intellectuelle pour tout pays. L\u2019auteur se r\u00e9serve le droit de r\u00e9clamer des dommages et int\u00e9r\u00eats si ces termes ne sont pas respect\u00e9s.<\/small><\/h3>\n\t\t<\/span>\n\t\t<span>\n\t\t\t<br\/>  <h2 style=\"color: color: rgb(166,166,166);font-weight: normal;\"> <small>Copyright (c) 2020 YBIS Corporation &#8211; All Rights Reserved.<\/small> <\/h2>  <br\/>\n\t\t<\/span>\n\t\t<!--fin Copyright et propri\u00e9t\u00e9 intellectuelle-->\n\t\t\n\t\t<!--debut conditions generales de ventes-->\n\t\t<span>\n\t\t\t<br\/>  <h2 style=\"color: color: rgb(166,166,166);font-weight: normal;letter-spacing: 2px\"> <a href=\"http:\/\/ybiscorp.e-monsite.com\/about\/cgv\/\" style=\"color: rgb(166,166,166)\"><small><strong><u>CONDITIONS GENERALES DE VENTES<\/u><strong\/><\/small><\/a> <\/h2> <br\/>\n\t\t<\/span>\n\t\t<!--fin conditions generales de ventes-->\n\t<\/div>\n<!--fin du pieds de page-->\n<\/div>\n\n<\/div>\n<!--script bootstrap \u00e0 ne pas toucher pour le bon fonctionnement de bootstrap-->\n<script src=\"https:\/\/cdn.jsdelivr.net\/npm\/bootstrap@5.3.2\/dist\/js\/bootstrap.bundle.min.js\" integrity=\"sha384-C6RzsynM9kWDrMNeT87bh95OGNyZPhcTNXj1NW7RuBCsyN\/o0jlpcV8Qyq46cDfL\" crossorigin=\"anonymous\"><\/script>\n","protected":false},"excerpt":{"rendered":"<p>&#8211;> YBIS CORPORATION ENTREPRISE IVOIRIENNE DE CONCEPTION D&#39;INFOPRODUITS GEODESIQUES Nos Infoproduits &nbsp; Des questions? ybiscorp@gmail.com &nbsp; Le DTSharp &nbsp; Offre Exceptionnelle !!! &nbsp; DTSharp Offre pour Accelerer vos montage de dossiers techniques ! GEOYBIS Projection &nbsp; Offre Exceptionnelle !!! &nbsp; GEOYBIS Projection Offre pour Accelerer vos travaux ! GNSS Data Download &nbsp; Offre Incroyable !!! [&hellip;]<\/p>\n","protected":false},"author":1,"featured_media":0,"parent":0,"menu_order":0,"comment_status":"closed","ping_status":"closed","template":"","meta":{"footnotes":""},"categories":[6],"tags":[],"class_list":["post-26","page","type-page","status-publish","hentry","category-accueil"],"_links":{"self":[{"href":"https:\/\/ybiscorp.alwaysdata.net\/ybiscorp\/index.php\/wp-json\/wp\/v2\/pages\/26","targetHints":{"allow":["GET"]}}],"collection":[{"href":"https:\/\/ybiscorp.alwaysdata.net\/ybiscorp\/index.php\/wp-json\/wp\/v2\/pages"}],"about":[{"href":"https:\/\/ybiscorp.alwaysdata.net\/ybiscorp\/index.php\/wp-json\/wp\/v2\/types\/page"}],"author":[{"embeddable":true,"href":"https:\/\/ybiscorp.alwaysdata.net\/ybiscorp\/index.php\/wp-json\/wp\/v2\/users\/1"}],"replies":[{"embeddable":true,"href":"https:\/\/ybiscorp.alwaysdata.net\/ybiscorp\/index.php\/wp-json\/wp\/v2\/comments?post=26"}],"version-history":[{"count":163,"href":"https:\/\/ybiscorp.alwaysdata.net\/ybiscorp\/index.php\/wp-json\/wp\/v2\/pages\/26\/revisions"}],"predecessor-version":[{"id":272,"href":"https:\/\/ybiscorp.alwaysdata.net\/ybiscorp\/index.php\/wp-json\/wp\/v2\/pages\/26\/revisions\/272"}],"wp:attachment":[{"href":"https:\/\/ybiscorp.alwaysdata.net\/ybiscorp\/index.php\/wp-json\/wp\/v2\/media?parent=26"}],"wp:term":[{"taxonomy":"category","embeddable":true,"href":"https:\/\/ybiscorp.alwaysdata.net\/ybiscorp\/index.php\/wp-json\/wp\/v2\/categories?post=26"},{"taxonomy":"post_tag","embeddable":true,"href":"https:\/\/ybiscorp.alwaysdata.net\/ybiscorp\/index.php\/wp-json\/wp\/v2\/tags?post=26"}],"curies":[{"name":"wp","href":"https:\/\/api.w.org\/{rel}","templated":true}]}}