{"id":28,"date":"2024-01-26T09:02:17","date_gmt":"2024-01-26T09:02:17","guid":{"rendered":"https:\/\/ybiscorp.alwaysdata.net\/ybiscorp\/?page_id=28"},"modified":"2024-01-30T12:44:54","modified_gmt":"2024-01-30T12:44:54","slug":"presentation-de-notre-organisation","status":"publish","type":"page","link":"https:\/\/ybiscorp.alwaysdata.net\/ybiscorp\/index.php\/presentation-de-notre-organisation\/","title":{"rendered":"Pr\u00e9sentation de notre organisation"},"content":{"rendered":"\n<link rel=\"icon\" href=\"http:\/\/ybiscorp.alwaysdata.net\/ybiscorp\/wp-content\/uploads\/2024\/01\/logo-de-mon-site.png\">\n\n<!-- ********************************************************CSS COVER******************************************************************** -->\n<div class=\"container\" style=\"background-image: url('http:\/\/ybiscorp.alwaysdata.net\/ybiscorp\/wp-content\/uploads\/2024\/01\/image-fond-site.jpg')\">\n<\/br>\n<!-- Link Swiper's CSS -->\n  <link rel=\"stylesheet\" href=\"https:\/\/cdn.jsdelivr.net\/npm\/swiper@11\/swiper-bundle.min.css\" \/>\n\n  <!-- Demo styles -->\n  <style>\n    html,\n    body {\n      position: relative;\n      height: 100%;\n    }\n\n    body {\n      background: #eee;\n      font-family: Helvetica Neue, Helvetica, Arial, sans-serif;\n      font-size: 14px;\n      color: #000;\n      margin: 0;\n      padding: 0;\n    }\n\n    .swiper {\n      width: 100%;\n      height: 100%;\n    }\n\n    .swiper-slide {\n      text-align: center;\n      font-size: 18px;\n      background: none;\n      display: flex;\n      justify-content: center;\n      align-items: center;\n    }\n\n    .swiper-slide img {\n      display: block;\n      width: 200%;\n      height: 200%;\n      object-fit: cover;\n    }\n\n\n    .swiper {\n      width: 100%;\n      height: 300px;\n      margin-left: auto;\n      margin-right: auto;\n    }\n\n    .swiper-slide {\n      background-size: cover;\n      background-position: center;\n    }\n\n    .mySwiper2 {\n      height: 80%;\n      width: 100%;\n    }\n\n    .mySwiper {\n      height: 20%;\n      box-sizing: border-box;\n      padding: 10px 0;\n    }\n\n    .mySwiper .swiper-slide {\n      width: 25%;\n      height: 100%;\n      opacity: 0.6;\n    }\n\n    .mySwiper .swiper-slide-thumb-active {\n      opacity: 1;\n    }\n\n    .swiper-slide img {\n      display: block;\n      width: 70%;\n      height: auto;\n      object-fit: cover;\n    }\n\n    .mi2 img{\n        width: 100%;\n        height: 100%;\n    }\n\n    .mi-swiper-button {\n        color: #000;\n        margin: 0 70px;\n    }\n  <\/style>\n<!-- ********************************************************FIN CSS COVER******************************************************************** -->\n\n<!-- ********************************************************COVER******************************************************************** -->\n<!-- Swiper -->\n    <div style=\"display: flex; align-items:center; justify-content:center; height: 75vh; width: 77vw; margin:auto\">\n        <div style=\"width: 100%; height: 700px\">\n            <div style=\"--swiper-navigation-color: #fff; --swiper-pagination-color: #fff\" class=\"swiper mySwiper2\">\n                <div class=\"swiper-wrapper\">\n                    <div class=\"swiper-slide\">\n                    <img decoding=\"async\" src=\"http:\/\/ybiscorp.alwaysdata.net\/ybiscorp\/wp-content\/uploads\/2024\/01\/map-3260506-1920.jpg\" \/>\n                    <\/div>\n                    <div class=\"swiper-slide\">\n                    <img decoding=\"async\" src=\"http:\/\/ybiscorp.alwaysdata.net\/ybiscorp\/wp-content\/uploads\/2024\/01\/station-permanente1.jpg\" \/>\n                    <\/div>\n                    <div class=\"swiper-slide\">\n                    <img decoding=\"async\" src=\"http:\/\/ybiscorp.alwaysdata.net\/ybiscorp\/wp-content\/uploads\/2024\/01\/station-permanente2.jpg\" \/>\n                    <\/div>\n                    <div class=\"swiper-slide\">\n                    <img decoding=\"async\" src=\"http:\/\/ybiscorp.alwaysdata.net\/ybiscorp\/wp-content\/uploads\/2024\/01\/maps-2294276-1920.jpg\" \/>\n                    <\/div>\n                    <div class=\"swiper-slide\">\n                    <img decoding=\"async\" src=\"http:\/\/ybiscorp.alwaysdata.net\/ybiscorp\/wp-content\/uploads\/2024\/01\/lesstationsdanslemonde.png\" \/>\n                    <\/div>\n                    <div class=\"swiper-slide\">\n                    <img decoding=\"async\" src=\"http:\/\/ybiscorp.alwaysdata.net\/ybiscorp\/wp-content\/uploads\/2024\/01\/globe-trotter-1828079-1920.jpg\" \/>\n                    <\/div>\n                    \n                <\/div>\n                <div class=\"swiper-button-next mi-swiper-button\"><\/div>\n                <div class=\"swiper-button-prev mi-swiper-button\"><\/div>\n            <\/div>\n\n            <div style=\"background-color:#000; width: 100%; height: 130px; display:flex; align-items:center; justify-content:center; margin-top: 15px; \">\n                <div thumbsSlider=\"\" class=\"swiper mySwiper\" style=\"margin: 10px 0; width:50%; height: 100%\">\n                    <div class=\"swiper-wrapper\">\n                        <div class=\"swiper-slide mi2\">\n                        <img decoding=\"async\" src=\"http:\/\/ybiscorp.alwaysdata.net\/ybiscorp\/wp-content\/uploads\/2024\/01\/map-3260506-1920.jpg\" \/>\n                        <\/div>\n                        <div class=\"swiper-slide mi2\">\n                        <img decoding=\"async\" src=\"http:\/\/ybiscorp.alwaysdata.net\/ybiscorp\/wp-content\/uploads\/2024\/01\/station-permanente1.jpg\" \/>\n                        <\/div>\n                        <div class=\"swiper-slide mi2\">\n                        <img decoding=\"async\" src=\"http:\/\/ybiscorp.alwaysdata.net\/ybiscorp\/wp-content\/uploads\/2024\/01\/station-permanente2.jpg\" \/>\n                        <\/div>\n                        <div class=\"swiper-slide mi2\">\n                        <img decoding=\"async\" src=\"http:\/\/ybiscorp.alwaysdata.net\/ybiscorp\/wp-content\/uploads\/2024\/01\/maps-2294276-1920.jpg\" \/>\n                        <\/div>\n                        <div class=\"swiper-slide mi2\">\n                        <img decoding=\"async\" src=\"http:\/\/ybiscorp.alwaysdata.net\/ybiscorp\/wp-content\/uploads\/2024\/01\/lesstationsdanslemonde.png\" \/>\n                        <\/div>\n                        <div class=\"swiper-slide mi2\">\n                        <img decoding=\"async\" src=\"http:\/\/ybiscorp.alwaysdata.net\/ybiscorp\/wp-content\/uploads\/2024\/01\/globe-trotter-1828079-1920.jpg\" \/>\n                        <\/div>\n                    <\/div>\n                <\/div>\n            <\/div>\n        <\/div>\n    <\/div>\n\n  <!-- Swiper JS -->\n  <script src=\"https:\/\/cdn.jsdelivr.net\/npm\/swiper@11\/swiper-bundle.min.js\"><\/script>\n\n  <!-- Initialize Swiper -->\n  <script>\n    var swiper = new Swiper(\".mySwiper\", {\n      spaceBetween: 10,\n      slidesPerView: 6,\n      freeMode: true,\n      watchSlidesProgress: true,\n\n    });\n    var swiper2 = new Swiper(\".mySwiper2\", {\n      spaceBetween: 10,\n      navigation: {\n        nextEl: \".swiper-button-next\",\n        prevEl: \".swiper-button-prev\",\n      },\n      autoplay: {\n        delay: 6000,\n        disableOnInteraction: false,\n      },\n      thumbs: {\n        swiper: swiper,\n      },\n    });\n  <\/script>\n<!--<\/div>\n<!-- ********************************************************Fin COVER******************************************************************** -->\n\n<div class=\"container\" id=\"bodyYBISapropos\" style=\"background-image: url('http:\/\/ybiscorp.alwaysdata.net\/ybiscorp\/wp-content\/uploads\/2024\/01\/image-fond-site.jpg')\">\n<!--#debut corps du  site-->\n\t<div class=\"container colonneLecture\"> \n\t\t<!--Debut nom de l'entreprise-->\n\t\t<div class=\"container-fluid nomEntreprise\">\n\t\t\t<h1>YBIS Corporation<\/h1>\n\t\t\t<h2>ENTREPRISE IVOIRIENNE DE CONCEPTION D&#8217;INFOPRODUITS GEODESIQUES<\/h2>\n\t\t<\/div>\n\t\t<!--Fin nom de l'entreprise-->\n\n\t\t<div class=\"imageProduit\">\n\t\t\t<br\/> <img decoding=\"async\" src=\"http:\/\/ybiscorp.alwaysdata.net\/ybiscorp\/wp-content\/uploads\/2024\/01\/Logo-de-mon-site.png\">\n\t\t<\/div>\n\n\t\t<div class=\"formeTexteSimple\" style=\"font-size: 200%\">\n\t\t\t<h2><strong>\n\t\t\t\tQui sommes nous?<\/strong><\/h2>\n\t\t<\/div>\n\t\t\n\n\t\t<!-- Debut Presentation YBIS CORPORATION -->\n\t\t<div class=\"formeTexteSimple\" style=\"font-size: 200%\">\n\t\t\t<p>\n\t\t\t\tYBIS Corporation est une entreprise specialis\u00e9e dans la conception et\/ou la commercialisation de produits ou services alternatifs.Ses conceptions sont fond\u00e9es sur l&#8217;experience informatique et digitale combin\u00e9e \u00e0 l&#8217;expertise en ing\u00e9nierie de ses membres, dans differents domaines tels que notamment la geodesie,la topographie,les sciences geographiques et autre .<\/p>\n\t\t<\/div>\n\t\t<!-- Fin Presentation YBIS CORPORATION -->\n\n\t\t<!--Debut service client-->\n\t\t<span>\n\t\t\t<br\/>  <h3 style=\"color: black;text-align: center;font-weight: normal\"> Une question? <a href=\"mailto:ybiscorp@gmail.com\" style=\"text-decoration: none\"><strong>ybiscorp@gmail.com<\/strong><\/a> <\/h3>  <br\/>\n\t\t<\/span>\n\t\t\n\t\t<!--Fin service client-->\n\t\t<!--Debut service client-->\n\t\t<span>\n\t\t    <h3 style=\"color: black;text-align: center;font-weight: normal\"> <a href=\"https:\/\/wa.me\/message\/ITIJ7RQGTVBWK1\" style=\"text-decoration: none\"><strong>Cliquez ici pour nous contacter sur WhatsApp <\/strong><\/a> <\/h3>\n\t\t    \n\t\t\t<!--<h3 style=\"color: black;text-align: center;font-weight: normal\"> <a href=\"tel:+2250757617212\" style=\"text-decoration: none\"><strong> tel : +2250103212487 <\/strong><\/a> <\/h3>  <br\/>-->\n\t\t<\/span>\n\t\t\n\t\t<!--Fin service client-->\n\n\t\t<!-- Debut Mission YBIS CORPORATION -->\n\n\t\t<!-- 1\/Debut Titre -->\n\t\t<div class=\"formeTexteSimple\" style=\"font-size: 200%\">\n\t\t\t<h2><strong> Mission <\/strong><\/h2>\n\t\t<\/div>\n\t\t<!-- Fin Titre -->\n\n\t\t<!--2\/Debut Image -->\n\t\t<div class=\"container lignePhoto\"> \n\t\t\t\t\t\t<!--<img decoding=\"async\" src=\"img\/portFolioImg.jpg\" alt=\"Image portfolio\">-->\n\t\t\t\t\t\t<img decoding=\"async\" src=\"http:\/\/ybiscorp.alwaysdata.net\/ybiscorp\/wp-content\/uploads\/2024\/01\/image-fond-ybiscorp-bon.jpg\" alt=\"entete_ybiscorp\">\n\t\t\t\t\n\t\t<\/div>\n\t\t<!-- Fin Image -->\n\n\t\t<!--3\/Debut Texte -->\n\t\t<div class=\"formeTexteSimple\" style=\"font-size: 200%\">\n\t\t\t<p>\n\t\t\t\tYBIS Corporation a pour mission d&#8217;accelerer le travail des professionnels des sciences geographiques residant en C\u00f4te d&#8217;Ivoire et plus generalement partout dans le monde <\/p>\n\t\t<\/div>\n\t\t<!-- Fin Texte -->\n\n\t\t<!-- Fin Mission YBIS CORPORATION -->\n\n\t\t<!-- Debut Strategie YBIS CORPORATION -->\n\n\t\t<!-- 1\/Debut Titre -->\n\t\t<div class=\"formeTexteSimple\" style=\"font-size: 200%\">\n\t\t\t<h2><strong> Strat\u00e9gie <\/strong><\/h2>\n\t\t<\/div>\n\t\t<!-- Fin Titre -->\n\n\t\t<!--2\/Debut Image -->\n\t\t<div class=\"container lignePhoto\"> \n\t\t\t\t\t\t<!--<img decoding=\"async\" src=\"img\/portFolioImg.jpg\" alt=\"Image portfolio\">-->\n\t\t\t\t\t\t<img decoding=\"async\" src=\"http:\/\/ybiscorp.alwaysdata.net\/ybiscorp\/wp-content\/uploads\/2024\/01\/ban2.jpg\" alt=\"Image travail au bureau\">\n\t\t<\/div>\n\t\t<!-- Fin Image -->\n\n\t\t<!--3\/Debut Texte -->\n\t\t<div class=\"formeTexteSimple\" style=\"font-size: 200%\">\n\t\t\t<p>\n\t\t\t\tPour Remplir cette mission ,les membres d&#8217;YBIS Corp ont  pour approche de favoriser la recherche dans le domaine  des sciences geographiques coupl\u00e9 \u00e0 une connaissance accrue  des langages de programmation afin d&#8217;implanter des infoproduits (logiciels,formation,webconference&#8230;) sur mesure, adapt\u00e9 aux  problematiques locales et\/ou internationales.Aujourd&#8217;hui,YBIS Corp souhaite devenir le point focal ivoirien en terme de recherche et d&#8217;innovation dans le domaine des sciences geographiques permettant ainsi aux jeunes passionn\u00e9s du domaine de mieux exprimer leur talent et participer \u00e0 l&#8217;am\u00e9lioration et l&#8217;acceleration du travail des professionnels du domaine. <\/p>\n\t\t<\/div>\n\t\t<!-- Fin Texte -->\n\n\t\t<!-- Fin Strat\u00e9gie YBIS CORPORATION -->\n\n\t\t<!--Debut service client-->\n\t\t<span>\n\t\t\t<h3 style=\"color: black;text-align: center;font-weight: normal\"> <a href=\"http:\/\/ybiscorp.e-monsite.com\" style=\"text-decoration: none\"><strong>Decouvrir nos infoproduits<\/strong><\/a> <\/h3>  <br\/>\n\t\t<\/span>\n\t\t<!--Fin service client-->\n\t\n\t<\/div>\n\n\n\n<!--debut du pieds de page-->\n\t<div class=\"container footer\" style=\"background-image: url('http:\/\/ybiscorp.alwaysdata.net\/ybiscorp\/wp-content\/uploads\/2024\/01\/image-fond-site.jpg')\">\n\t\t<!--debut service client-->\n\t\t<span>\n\t\t\t<br\/>  <h2 style=\"color: color: rgb(166,166,166);font-weight: normal;\"> <small>Une question? <a href=\"mailto:ybiscorp@gmail.com\" style=\"text-decoration: none;color: rgb(166,166,166)\"><strong>ybiscorp@gmail.com<\/strong><\/small><\/a> <\/h2>  <br\/>\n\t\t<\/span>\n\t\t<!--Fin service client-->\n\n\t\t<!--debut Copyright et propri\u00e9t\u00e9 intellectuelle-->\n\t\t<span>\n\t\t\t<h3><small>Toute reproduction, distribution ou modification partielle ou compl\u00e8te de ce site internet et des documents s&#8217;y aff\u00e9rant est formellement interdite. Ce site internet et tout son contenu sont prot\u00e9g\u00e9s par les lois sur la protection des droits d&#8217;auteurs et de la propri\u00e9t\u00e9 intellectuelle pour tout pays. L\u2019auteur se r\u00e9serve le droit de r\u00e9clamer des dommages et int\u00e9r\u00eats si ces termes ne sont pas respect\u00e9s.<\/small><\/h3>\n\t\t<\/span>\n\t\t<span>\n\t\t\t<br\/>  <h2 style=\"color: color: rgb(166,166,166);font-weight: normal;\"> <small>Copyright (c) 2020 YBIS Corporation &#8211; All Rights Reserved.<\/small> <\/h2>  <br\/>\n\t\t<\/span>\n\t\t<!--fin Copyright et propri\u00e9t\u00e9 intellectuelle-->\n\t\t\n\t\t<!--debut conditions generales de ventes-->\n\t\t<span>\n\t\t\t<br\/>  <h2 style=\"color: color: rgb(166,166,166);font-weight: normal;letter-spacing: 2px\"> <a href=\"http:\/\/ybiscorp.e-monsite.com\/about\/cgv\/\" style=\"color: rgb(166,166,166)\"><small><strong><u>CONDITIONS GENERALES DE VENTES<\/u><strong\/><\/small><\/a> <\/h2> <br\/>\n\t\t<\/span>\n\t\t<!--fin conditions generales de ventes-->\n\t<\/div>\n<!--fin du pieds de page-->\n<\/div>\n","protected":false},"excerpt":{"rendered":"<p>YBIS Corporation ENTREPRISE IVOIRIENNE DE CONCEPTION D&#8217;INFOPRODUITS GEODESIQUES Qui sommes nous? YBIS Corporation est une entreprise specialis\u00e9e dans la conception et\/ou la commercialisation de produits ou services alternatifs.Ses conceptions sont fond\u00e9es sur l&#8217;experience informatique et digitale combin\u00e9e \u00e0 l&#8217;expertise en ing\u00e9nierie de ses membres, dans differents domaines tels que notamment la geodesie,la topographie,les sciences geographiques [&hellip;]<\/p>\n","protected":false},"author":1,"featured_media":0,"parent":0,"menu_order":0,"comment_status":"closed","ping_status":"closed","template":"","meta":{"footnotes":""},"categories":[5],"tags":[],"class_list":["post-28","page","type-page","status-publish","hentry","category-infos"],"_links":{"self":[{"href":"https:\/\/ybiscorp.alwaysdata.net\/ybiscorp\/index.php\/wp-json\/wp\/v2\/pages\/28","targetHints":{"allow":["GET"]}}],"collection":[{"href":"https:\/\/ybiscorp.alwaysdata.net\/ybiscorp\/index.php\/wp-json\/wp\/v2\/pages"}],"about":[{"href":"https:\/\/ybiscorp.alwaysdata.net\/ybiscorp\/index.php\/wp-json\/wp\/v2\/types\/page"}],"author":[{"embeddable":true,"href":"https:\/\/ybiscorp.alwaysdata.net\/ybiscorp\/index.php\/wp-json\/wp\/v2\/users\/1"}],"replies":[{"embeddable":true,"href":"https:\/\/ybiscorp.alwaysdata.net\/ybiscorp\/index.php\/wp-json\/wp\/v2\/comments?post=28"}],"version-history":[{"count":11,"href":"https:\/\/ybiscorp.alwaysdata.net\/ybiscorp\/index.php\/wp-json\/wp\/v2\/pages\/28\/revisions"}],"predecessor-version":[{"id":271,"href":"https:\/\/ybiscorp.alwaysdata.net\/ybiscorp\/index.php\/wp-json\/wp\/v2\/pages\/28\/revisions\/271"}],"wp:attachment":[{"href":"https:\/\/ybiscorp.alwaysdata.net\/ybiscorp\/index.php\/wp-json\/wp\/v2\/media?parent=28"}],"wp:term":[{"taxonomy":"category","embeddable":true,"href":"https:\/\/ybiscorp.alwaysdata.net\/ybiscorp\/index.php\/wp-json\/wp\/v2\/categories?post=28"},{"taxonomy":"post_tag","embeddable":true,"href":"https:\/\/ybiscorp.alwaysdata.net\/ybiscorp\/index.php\/wp-json\/wp\/v2\/tags?post=28"}],"curies":[{"name":"wp","href":"https:\/\/api.w.org\/{rel}","templated":true}]}}