{"id":399,"date":"2024-04-28T23:42:54","date_gmt":"2024-04-28T23:42:54","guid":{"rendered":"https:\/\/ybiscorp.alwaysdata.net\/ybiscorp\/?page_id=399"},"modified":"2024-04-28T23:42:54","modified_gmt":"2024-04-28T23:42:54","slug":"politique-de-confidentialite-de-terrainci","status":"publish","type":"page","link":"https:\/\/ybiscorp.alwaysdata.net\/ybiscorp\/index.php\/politique-de-confidentialite-de-terrainci\/","title":{"rendered":"Politique de Confidentialit\u00e9 de TerrainCI"},"content":{"rendered":"<h2 class=\"wp-block-heading\"><strong>Date d&#8217;efficacit\u00e9 : 01 Mai 2024<\/strong><\/h2>\n\n\n<p>\nBienvenue chez TerrainCI, une application propri\u00e9t\u00e9 de YBIS Corporation, facilitant la vente et l&#8217;achat de terrains en C\u00f4te d&#8217;Ivoire. Cette politique de confidentialit\u00e9 explique comment YBIS Corporation, en collaboration avec nos partenaires commerciaux notamment Booster Holding, collecte, utilise et partage vos informations personnelles, ainsi que les droits dont vous disposez en relation avec vos informations personnelles.\n<\/p>\n\n\n<h2 class=\"wp-block-heading\">1. Collecte d&#8217;Informations<\/h2>\n\n<p>\nNous collectons des informations uniquement de la part des vendeurs souhaitant vendre leur terrain via notre application. Ces informations incluent :\n<\/p>\n\n\n<p><strong class=\"privacy-policy-tutorial\">\u2022\tInformations d&#8217;identification personnelle : <\/strong> Nom, pr\u00e9nom, Commune de r\u00e9sidence, num\u00e9ro de t\u00e9l\u00e9phone, et email (utilis\u00e9 comme identifiant unique de votre compte).<\/p>\n<p><strong class=\"privacy-policy-tutorial\">\u2022\tInformations professionnelles :  <\/strong> nom de l&#8217;entreprise et poste occup\u00e9 au sein de l&#8217;entreprise.<\/p>\n<p><strong class=\"privacy-policy-tutorial\">\u2022\tInformations de connexion :<\/strong> Un mot de passe pour acc\u00e9der \u00e0 votre compte utilisateur.<\/p>\n<p><strong class=\"privacy-policy-tutorial\">Note :<\/strong> Aucune donn\u00e9e personnelle n&#8217;est collect\u00e9e aupr\u00e8s des utilisateurs qui utilisent TerrainCI uniquement pour acheter un terrain. Ces utilisateurs sont mis en contact avec Booster Holding pour faciliter leur recherche.<\/p>\n\n\n<h2 class=\"wp-block-heading\">2. Utilisation des Informations<\/h2>\n\n<p>\nVos informations sont utilis\u00e9es pour :\n<\/p>\n\n\n<p>\u2022\tFaciliter la mise en vente de terrains.<\/p>\n<p>\u2022\tCommuniquer avec vous pour r\u00e9pondre \u00e0 vos demandes et vous informer des mises \u00e0 jour de notre service.<\/p>\n<p>\u2022\tR\u00e9aliser des analyses internes et des recherches de march\u00e9 pour am\u00e9liorer nos services.<\/p>\n\n<h2 class=\"wp-block-heading\">3. Partage des Informations<\/h2>\n\n<p>\nNous pouvons partager vos informations avec :\n<\/p>\n\n<p><strong class=\"privacy-policy-tutorial\">\u2022\tBooster Holding : <\/strong>Notre partenaire commercial, pour aider les acheteurs dans leur recherche de terrains.<\/p>\n<p><strong class=\"privacy-policy-tutorial\">\u2022\tDes partenaires commerciaux : <\/strong>Lorsque cela est n\u00e9cessaire pour la fourniture de services suppl\u00e9mentaires que vous avez demand\u00e9s.<\/p>\n<p><strong class=\"privacy-policy-tutorial\">\u2022\tDes autorit\u00e9s l\u00e9gales :  <\/strong>En r\u00e9ponse \u00e0 des demandes l\u00e9gales, lorsque nous croyons de bonne foi que la loi nous y contraint.<\/p>\n\n\n<h2 class=\"wp-block-heading\">4. S\u00e9curit\u00e9 des Donn\u00e9es<\/h2>\n\n<p>\nNous mettons en \u0153uvre des mesures de s\u00e9curit\u00e9 appropri\u00e9es pour prot\u00e9ger vos informations contre l&#8217;acc\u00e8s non autoris\u00e9 ou la perte. N\u00e9anmoins, aucune m\u00e9thode de transmission sur Internet ou de stockage \u00e9lectronique n&#8217;est s\u00e9curis\u00e9e \u00e0 100 %. Nous ne pouvons donc pas garantir une s\u00e9curit\u00e9 absolue de vos donn\u00e9es.\n<\/p>\n\n\n\n<h2 class=\"wp-block-heading\">5. Droits des Utilisateurs<\/h2>\n\n<p>\nVous avez le droit de :\n<\/p>\n\n<p><strong class=\"privacy-policy-tutorial\">\u2022\tAcc\u00e9der \u00e0 vos donn\u00e9es personnelles<\/strong>et les corriger, \u00e0 l&#8217;exception de votre email qui est utilis\u00e9 comme identifiant unique et ne peut \u00eatre modifi\u00e9.<\/p>\n<p><strong class=\"privacy-policy-tutorial\">\u2022\tDemander la suppression de vos donn\u00e9es,<\/strong>ce qui peut entra\u00eener la d\u00e9sactivation de votre compte.<\/p>\n<p><strong class=\"privacy-policy-tutorial\">\u2022\tRetirer votre consentement <\/strong>\u00e0 tout moment pour l&#8217;utilisation de vos donn\u00e9es personnelles.<\/p>\n\n<p>\nPour exercer ces droits, ou si vous avez des questions sur vos informations personnelles, veuillez nous contacter aux coordonn\u00e9es fournies ci-dessous.\n<\/p>\n\n\n\n<h2 class=\"wp-block-heading\">6. Modifications de la Politique de Confidentialit\u00e9<\/h2>\n\n<p>\nNous nous r\u00e9servons le droit de modifier cette politique de confidentialit\u00e9 \u00e0 tout moment. Si des modifications significatives sont apport\u00e9es, nous vous en informerons via notre application ou par email.\n<\/p>\n\n\n<h2 class=\"wp-block-heading\">7. Nous Contacter<\/h2>\n\n<p>\nPour toute question concernant cette politique de confidentialit\u00e9, veuillez nous contacter \u00e0 :\n<\/p>\n\n\n\n\n<p><strong class=\"privacy-policy-tutorial\">YBIS Corporation<\/strong><\/p>\n\n\n<p><a href=\"ybiscorp@gmail.com\">ybiscorp@gmail.com<\/a><\/p>\n\n\n<p>+225 07 13 76 91 25<\/p>\n\n\n\n","protected":false},"excerpt":{"rendered":"<p>Date d&#8217;efficacit\u00e9 : 01 Mai 2024 Bienvenue chez TerrainCI, une application propri\u00e9t\u00e9 de YBIS Corporation, facilitant la vente et l&#8217;achat de terrains en C\u00f4te d&#8217;Ivoire. Cette politique de confidentialit\u00e9 explique comment YBIS Corporation, en collaboration avec nos partenaires commerciaux notamment Booster Holding, collecte, utilise et partage vos informations personnelles, ainsi que les droits dont vous [&hellip;]<\/p>\n","protected":false},"author":1,"featured_media":0,"parent":0,"menu_order":0,"comment_status":"closed","ping_status":"closed","template":"","meta":{"footnotes":""},"categories":[5],"tags":[],"class_list":["post-399","page","type-page","status-publish","hentry","category-infos"],"_links":{"self":[{"href":"https:\/\/ybiscorp.alwaysdata.net\/ybiscorp\/index.php\/wp-json\/wp\/v2\/pages\/399","targetHints":{"allow":["GET"]}}],"collection":[{"href":"https:\/\/ybiscorp.alwaysdata.net\/ybiscorp\/index.php\/wp-json\/wp\/v2\/pages"}],"about":[{"href":"https:\/\/ybiscorp.alwaysdata.net\/ybiscorp\/index.php\/wp-json\/wp\/v2\/types\/page"}],"author":[{"embeddable":true,"href":"https:\/\/ybiscorp.alwaysdata.net\/ybiscorp\/index.php\/wp-json\/wp\/v2\/users\/1"}],"replies":[{"embeddable":true,"href":"https:\/\/ybiscorp.alwaysdata.net\/ybiscorp\/index.php\/wp-json\/wp\/v2\/comments?post=399"}],"version-history":[{"count":27,"href":"https:\/\/ybiscorp.alwaysdata.net\/ybiscorp\/index.php\/wp-json\/wp\/v2\/pages\/399\/revisions"}],"predecessor-version":[{"id":426,"href":"https:\/\/ybiscorp.alwaysdata.net\/ybiscorp\/index.php\/wp-json\/wp\/v2\/pages\/399\/revisions\/426"}],"wp:attachment":[{"href":"https:\/\/ybiscorp.alwaysdata.net\/ybiscorp\/index.php\/wp-json\/wp\/v2\/media?parent=399"}],"wp:term":[{"taxonomy":"category","embeddable":true,"href":"https:\/\/ybiscorp.alwaysdata.net\/ybiscorp\/index.php\/wp-json\/wp\/v2\/categories?post=399"},{"taxonomy":"post_tag","embeddable":true,"href":"https:\/\/ybiscorp.alwaysdata.net\/ybiscorp\/index.php\/wp-json\/wp\/v2\/tags?post=399"}],"curies":[{"name":"wp","href":"https:\/\/api.w.org\/{rel}","templated":true}]}}